{"id":215,"date":"2022-02-21T11:51:25","date_gmt":"2022-02-21T04:51:25","guid":{"rendered":"https:\/\/kyungseong.123websitedev.com\/?page_id=215"},"modified":"2023-12-06T10:56:32","modified_gmt":"2023-12-06T03:56:32","slug":"ung-dung","status":"publish","type":"page","link":"https:\/\/kyungseong.com\/ko\/ung-dung\/","title":{"rendered":"\u1ee8ng d\u1ee5ng"},"content":{"rendered":"<div class=\"vc_row wpb_row vc_row-fluid pt-60\"><div class=\"wpb_column vc_column_container vc_col-sm-12\"><div class=\"vc_column-inner\"><div class=\"wpb_wrapper\"><h2 style=\"text-align: center\" class=\"vc_custom_heading\" >\u1ee8ng d\u1ee5ng s\u1ea3n ph\u1ea9m<\/h2><\/div><\/div><\/div><\/div><div class=\"vc_row wpb_row vc_row-fluid\"><div class=\"wpb_column vc_column_container vc_col-sm-12\"><div class=\"vc_column-inner\"><div class=\"wpb_wrapper\">\n\t<div class=\"wpb_tabs wpb_content_element\" data-interval=\"0\">\n\t\t<div class=\"wpb_wrapper wpb_tour_tabs_wrapper ui-tabs vc_clearfix\">\n\t\t\t<ul class=\"wpb_tabs_nav ui-tabs-nav vc_clearfix\"><li><a href=\"#tab-29e5cc9c-e2c8-6\">Button<\/a><\/li><li><a href=\"#tab-4d68ccaf-7bca-0\">Polymers<\/a><\/li><\/ul>\n\t<div id=\"tab-29e5cc9c-e2c8-6\" class=\"wpb_tab ui-tabs-panel wpb_ui-tabs-hide vc_clearfix\">\n\t\t<div class=\"vc_row wpb_row vc_inner vc_row-fluid pt-35 pb-35\"><div class=\"wpb_column vc_column_container vc_col-sm-4\"><div class=\"vc_column-inner\"><div class=\"wpb_wrapper\">\n\t<div class=\"wpb_text_column wpb_content_element\" >\n\t\t<div class=\"wpb_wrapper\">\n\t\t\t<p style=\"text-align: center;\"><strong>Khuy n\u00fat nh\u1ef1a<\/strong><br \/>\nTh\u1eddi trang th\u00f4ng d\u1ee5ng, ph\u1ed5 th\u00f4ng<\/p>\n\n\t\t<\/div>\n\t<\/div>\n<\/div><\/div><\/div><div class=\"wpb_column vc_column_container vc_col-sm-4\"><div class=\"vc_column-inner\"><div class=\"wpb_wrapper\">\n\t<div class=\"wpb_text_column wpb_content_element\" >\n\t\t<div class=\"wpb_wrapper\">\n\t\t\t<p style=\"text-align: center;\"><strong>Khuy n\u00fat kim lo\u1ea1i<\/strong><br \/>\nTh\u1eddi trang phong c\u00e1ch, trang ph\u1ee5c lao \u0111\u1ed9ng \u0111\u1eb7c bi\u1ec7t<\/p>\n\n\t\t<\/div>\n\t<\/div>\n<\/div><\/div><\/div><div class=\"wpb_column vc_column_container vc_col-sm-4\"><div class=\"vc_column-inner\"><div class=\"wpb_wrapper\">\n\t<div class=\"wpb_text_column wpb_content_element\" >\n\t\t<div class=\"wpb_wrapper\">\n\t\t\t<p style=\"text-align: center;\"><strong>Khuy n\u00fat v\u1eadt li\u1ec7u thi\u00ean nhi\u00ean<\/strong><br \/>\nTh\u1eddi trang nguy\u00ean b\u1ea3n, g\u1ea7n g\u0169i thi\u00ean nhi\u00ean<\/p>\n\n\t\t<\/div>\n\t<\/div>\n<\/div><\/div><\/div><\/div><div class=\"vc_row wpb_row vc_inner vc_row-fluid\"><div class=\"wpb_column vc_column_container vc_col-sm-4\"><div class=\"vc_column-inner\"><div class=\"wpb_wrapper\">\n\t<div  class=\"wpb_single_image wpb_content_element vc_align_left\">\n\t\t\n\t\t<figure class=\"wpb_wrapper vc_figure\">\n\t\t\t<div class=\"vc_single_image-wrapper   vc_box_border_grey\"><img decoding=\"async\" width=\"450\" height=\"366\" src=\"https:\/\/kyungseong.com\/wp-content\/uploads\/2022\/02\/suit-buttons.jpg\" class=\"vc_single_image-img attachment-full\" alt=\"\" srcset=\"https:\/\/kyungseong.com\/wp-content\/uploads\/2022\/02\/suit-buttons.jpg 450w, https:\/\/kyungseong.com\/wp-content\/uploads\/2022\/02\/suit-buttons-300x244.jpg 300w\" sizes=\"(max-width: 450px) 100vw, 450px\" \/><\/div>\n\t\t<\/figure>\n\t<\/div>\n<\/div><\/div><\/div><div class=\"wpb_column vc_column_container vc_col-sm-4\"><div class=\"vc_column-inner\"><div class=\"wpb_wrapper\">\n\t<div  class=\"wpb_single_image wpb_content_element vc_align_left\">\n\t\t\n\t\t<figure class=\"wpb_wrapper vc_figure\">\n\t\t\t<div class=\"vc_single_image-wrapper   vc_box_border_grey\"><img decoding=\"async\" width=\"450\" height=\"366\" src=\"https:\/\/kyungseong.com\/wp-content\/uploads\/2022\/02\/child-garments.jpg\" class=\"vc_single_image-img attachment-full\" alt=\"\" srcset=\"https:\/\/kyungseong.com\/wp-content\/uploads\/2022\/02\/child-garments.jpg 450w, https:\/\/kyungseong.com\/wp-content\/uploads\/2022\/02\/child-garments-300x244.jpg 300w\" sizes=\"(max-width: 450px) 100vw, 450px\" \/><\/div>\n\t\t<\/figure>\n\t<\/div>\n<\/div><\/div><\/div><div class=\"wpb_column vc_column_container vc_col-sm-4\"><div class=\"vc_column-inner\"><div class=\"wpb_wrapper\">\n\t<div  class=\"wpb_single_image wpb_content_element vc_align_left\">\n\t\t\n\t\t<figure class=\"wpb_wrapper vc_figure\">\n\t\t\t<div class=\"vc_single_image-wrapper   vc_box_border_grey\"><img decoding=\"async\" width=\"300\" height=\"418\" src=\"https:\/\/kyungseong.com\/wp-content\/uploads\/2022\/03\/4-5-300x418-1.jpg\" class=\"vc_single_image-img attachment-full\" alt=\"\" srcset=\"https:\/\/kyungseong.com\/wp-content\/uploads\/2022\/03\/4-5-300x418-1.jpg 300w, https:\/\/kyungseong.com\/wp-content\/uploads\/2022\/03\/4-5-300x418-1-215x300.jpg 215w, https:\/\/kyungseong.com\/wp-content\/uploads\/2022\/03\/4-5-300x418-1-9x12.jpg 9w\" sizes=\"(max-width: 300px) 100vw, 300px\" \/><\/div>\n\t\t<\/figure>\n\t<\/div>\n<\/div><\/div><\/div><\/div>\n\t<\/div>\n\n\t<div id=\"tab-4d68ccaf-7bca-0\" class=\"wpb_tab ui-tabs-panel wpb_ui-tabs-hide vc_clearfix\">\n\t\t<div class=\"vc_row wpb_row vc_inner vc_row-fluid\"><div class=\"wpb_column vc_column_container vc_col-sm-12\"><div class=\"vc_column-inner\"><div class=\"wpb_wrapper\">\n\t<div class=\"wpb_text_column wpb_content_element\" >\n\t\t<div class=\"wpb_wrapper\">\n\t\t\t<div class=\"col-sm-12 col-md-12\">\n<h5 class=\"text-left\">Nh\u1ef1a UPR (Unsaturated Polyester Reisn)<\/h5>\n<ul>\n<li>S\u1ea3n xu\u1ea5t n\u00fat \u00e1o<\/li>\n<li>L\u00e0m b\u1ed3n n\u01b0\u1edbc, v\u1ecf t\u00e0u thuy\u1ec1n, n\u1eafp capo xe t\u1ea3i<\/li>\n<li>L\u00e0m b\u00ecnh hoa, v\u1eadt trang tr\u00ed trong nh\u00e0<\/li>\n<li>S\u1ea3n xu\u1ea5t b\u1ed3n t\u1eafm, lavabo<\/li>\n<li>V\u00e0 \u1ee9ng d\u1ee5ng trong nhi\u1ec1u s\u1ea3n ph\u1ea9m kh\u00e1c<\/li>\n<\/ul>\n<\/div>\n\n\t\t<\/div>\n\t<\/div>\n<\/div><\/div><\/div><\/div><div class=\"vc_row wpb_row vc_inner vc_row-fluid\"><div class=\"wpb_column vc_column_container vc_col-sm-6\"><div class=\"vc_column-inner\"><div class=\"wpb_wrapper\">\n\t<div  class=\"wpb_single_image wpb_content_element vc_align_left\">\n\t\t\n\t\t<figure class=\"wpb_wrapper vc_figure\">\n\t\t\t<div class=\"vc_single_image-wrapper   vc_box_border_grey\"><img decoding=\"async\" width=\"2560\" height=\"1920\" src=\"https:\/\/kyungseong.com\/wp-content\/uploads\/2022\/03\/2a.jpg\" class=\"vc_single_image-img attachment-full\" alt=\"\" srcset=\"https:\/\/kyungseong.com\/wp-content\/uploads\/2022\/03\/2a.jpg 2560w, https:\/\/kyungseong.com\/wp-content\/uploads\/2022\/03\/2a-300x225.jpg 300w, https:\/\/kyungseong.com\/wp-content\/uploads\/2022\/03\/2a-1024x768.jpg 1024w, https:\/\/kyungseong.com\/wp-content\/uploads\/2022\/03\/2a-768x576.jpg 768w, https:\/\/kyungseong.com\/wp-content\/uploads\/2022\/03\/2a-1536x1152.jpg 1536w, https:\/\/kyungseong.com\/wp-content\/uploads\/2022\/03\/2a-2048x1536.jpg 2048w, https:\/\/kyungseong.com\/wp-content\/uploads\/2022\/03\/2a-16x12.jpg 16w, https:\/\/kyungseong.com\/wp-content\/uploads\/2022\/03\/2a-600x450.jpg 600w\" sizes=\"(max-width: 2560px) 100vw, 2560px\" \/><\/div>\n\t\t<\/figure>\n\t<\/div>\n<\/div><\/div><\/div><\/div>\n\t<\/div>\n\n\t\t<\/div>\n\t<\/div>\n<\/div><\/div><\/div><\/div>","protected":false},"excerpt":{"rendered":"\u1ee8ng d\u1ee5ng s\u1ea3n ph\u1ea9m ButtonPolymers Khuy n\u00fat nh\u1ef1a Th\u1eddi trang th\u00f4ng d\u1ee5ng, ph\u1ed5 th\u00f4ng Khuy n\u00fat kim lo\u1ea1i Th\u1eddi trang phong c\u00e1ch, trang ph\u1ee5c lao \u0111\u1ed9ng \u0111\u1eb7c bi\u1ec7t Khuy n\u00fat v\u1eadt li\u1ec7u thi\u00ean nhi\u00ean Th\u1eddi trang nguy\u00ean b\u1ea3n, g\u1ea7n g\u0169i thi\u00ean nhi\u00ean Nh\u1ef1a UPR (Unsaturated Polyester Reisn) S\u1ea3n xu\u1ea5t n\u00fat \u00e1o L\u00e0m b\u1ed3n n\u01b0\u1edbc, v\u1ecf","protected":false},"author":1,"featured_media":0,"parent":0,"menu_order":0,"comment_status":"closed","ping_status":"closed","template":"","meta":{"footnotes":""},"yst_prominent_words":[],"_links":{"self":[{"href":"https:\/\/kyungseong.com\/ko\/wp-json\/wp\/v2\/pages\/215"}],"collection":[{"href":"https:\/\/kyungseong.com\/ko\/wp-json\/wp\/v2\/pages"}],"about":[{"href":"https:\/\/kyungseong.com\/ko\/wp-json\/wp\/v2\/types\/page"}],"author":[{"embeddable":true,"href":"https:\/\/kyungseong.com\/ko\/wp-json\/wp\/v2\/users\/1"}],"replies":[{"embeddable":true,"href":"https:\/\/kyungseong.com\/ko\/wp-json\/wp\/v2\/comments?post=215"}],"version-history":[{"count":11,"href":"https:\/\/kyungseong.com\/ko\/wp-json\/wp\/v2\/pages\/215\/revisions"}],"predecessor-version":[{"id":523,"href":"https:\/\/kyungseong.com\/ko\/wp-json\/wp\/v2\/pages\/215\/revisions\/523"}],"wp:attachment":[{"href":"https:\/\/kyungseong.com\/ko\/wp-json\/wp\/v2\/media?parent=215"}],"wp:term":[{"taxonomy":"yst_prominent_words","embeddable":true,"href":"https:\/\/kyungseong.com\/ko\/wp-json\/wp\/v2\/yst_prominent_words?post=215"}],"curies":[{"name":"wp","href":"https:\/\/api.w.org\/{rel}","templated":true}]}}