{"id":201,"date":"2022-02-21T10:42:05","date_gmt":"2022-02-21T03:42:05","guid":{"rendered":"https:\/\/kyungseong.123websitedev.com\/?page_id=201"},"modified":"2023-12-06T10:46:34","modified_gmt":"2023-12-06T03:46:34","slug":"doi-tac-khach-hang","status":"publish","type":"page","link":"https:\/\/kyungseong.com\/ko\/doi-tac-khach-hang\/","title":{"rendered":"\u0110\u1ed1i t\u00e1c kh\u00e1ch h\u00e0ng"},"content":{"rendered":"<div class=\"vc_row wpb_row vc_row-fluid pt-60\"><div class=\"wpb_column vc_column_container vc_col-sm-12\"><div class=\"vc_column-inner\"><div class=\"wpb_wrapper\"><h2 style=\"text-align: center\" class=\"vc_custom_heading\" >\u0110\u1ed1i t\u00e1c<\/h2><\/div><\/div><\/div><\/div><div class=\"vc_row wpb_row vc_row-fluid pb-60\"><div class=\"wpb_column vc_column_container vc_col-sm-12\"><div class=\"vc_column-inner\"><div class=\"wpb_wrapper\">\n    <ul class=\"brand-sc\">\n                    <li class=\"brand-sc-img\">\n                <a href=\"https:\/\/kyungseong.com\/wp-content\/uploads\/2022\/03\/main-qimg-9b127595dc937165a68409589614b57d-c.jpg\" data-lightbox=\"gallery\"><img decoding=\"async\" width=\"300\" height=\"139\" src=\"https:\/\/kyungseong.com\/wp-content\/uploads\/2022\/03\/main-qimg-9b127595dc937165a68409589614b57d-c-300x139.jpg\" class=\"attachment-medium size-medium\" alt=\"\" srcset=\"https:\/\/kyungseong.com\/wp-content\/uploads\/2022\/03\/main-qimg-9b127595dc937165a68409589614b57d-c-300x139.jpg 300w, https:\/\/kyungseong.com\/wp-content\/uploads\/2022\/03\/main-qimg-9b127595dc937165a68409589614b57d-c-1024x475.jpg 1024w, https:\/\/kyungseong.com\/wp-content\/uploads\/2022\/03\/main-qimg-9b127595dc937165a68409589614b57d-c-768x356.jpg 768w, https:\/\/kyungseong.com\/wp-content\/uploads\/2022\/03\/main-qimg-9b127595dc937165a68409589614b57d-c-1536x713.jpg 1536w, https:\/\/kyungseong.com\/wp-content\/uploads\/2022\/03\/main-qimg-9b127595dc937165a68409589614b57d-c-18x8.jpg 18w, https:\/\/kyungseong.com\/wp-content\/uploads\/2022\/03\/main-qimg-9b127595dc937165a68409589614b57d-c-600x278.jpg 600w, https:\/\/kyungseong.com\/wp-content\/uploads\/2022\/03\/main-qimg-9b127595dc937165a68409589614b57d-c.jpg 1940w\" sizes=\"(max-width: 300px) 100vw, 300px\" \/><\/a>\n            <\/li>\n                <\/ul>\n\n    <\/div><\/div><\/div><\/div>","protected":false},"excerpt":{"rendered":"\u0110\u1ed1i t\u00e1c","protected":false},"author":1,"featured_media":0,"parent":0,"menu_order":0,"comment_status":"closed","ping_status":"closed","template":"","meta":{"footnotes":""},"yst_prominent_words":[],"_links":{"self":[{"href":"https:\/\/kyungseong.com\/ko\/wp-json\/wp\/v2\/pages\/201"}],"collection":[{"href":"https:\/\/kyungseong.com\/ko\/wp-json\/wp\/v2\/pages"}],"about":[{"href":"https:\/\/kyungseong.com\/ko\/wp-json\/wp\/v2\/types\/page"}],"author":[{"embeddable":true,"href":"https:\/\/kyungseong.com\/ko\/wp-json\/wp\/v2\/users\/1"}],"replies":[{"embeddable":true,"href":"https:\/\/kyungseong.com\/ko\/wp-json\/wp\/v2\/comments?post=201"}],"version-history":[{"count":13,"href":"https:\/\/kyungseong.com\/ko\/wp-json\/wp\/v2\/pages\/201\/revisions"}],"predecessor-version":[{"id":521,"href":"https:\/\/kyungseong.com\/ko\/wp-json\/wp\/v2\/pages\/201\/revisions\/521"}],"wp:attachment":[{"href":"https:\/\/kyungseong.com\/ko\/wp-json\/wp\/v2\/media?parent=201"}],"wp:term":[{"taxonomy":"yst_prominent_words","embeddable":true,"href":"https:\/\/kyungseong.com\/ko\/wp-json\/wp\/v2\/yst_prominent_words?post=201"}],"curies":[{"name":"wp","href":"https:\/\/api.w.org\/{rel}","templated":true}]}}