{"id":135,"date":"2022-02-19T10:41:55","date_gmt":"2022-02-19T03:41:55","guid":{"rendered":"https:\/\/kyungseong.123websitedev.com\/?page_id=135"},"modified":"2024-01-15T16:07:38","modified_gmt":"2024-01-15T09:07:38","slug":"gioi-thieu","status":"publish","type":"page","link":"https:\/\/kyungseong.com\/ko\/gioi-thieu\/","title":{"rendered":"Gi\u1edbi thi\u1ec7u"},"content":{"rendered":"<section data-vc-full-width=\"true\" data-vc-full-width-init=\"false\" class=\"vc_section vc_custom_1645415115986 vc_section-has-fill\"><div class=\"vc_row wpb_row vc_row-fluid pb-35\"><div class=\"wpb_column vc_column_container vc_col-sm-12\"><div class=\"vc_column-inner\"><div class=\"wpb_wrapper\"><h2 style=\"text-align: center\" class=\"vc_custom_heading\" >Kyung Seong<\/h2><\/div><\/div><\/div><\/div><div class=\"vc_row wpb_row vc_row-fluid\"><div class=\"wpb_column vc_column_container vc_col-sm-6\"><div class=\"vc_column-inner\"><div class=\"wpb_wrapper\">\n\t<div class=\"wpb_video_widget wpb_content_element vc_clearfix   vc_video-aspect-ratio-169 vc_video-el-width-90 vc_video-align-left\" >\n\t\t<div class=\"wpb_wrapper\">\n\t\t\t\n\t\t\t<div class=\"wpb_video_wrapper\"><iframe title=\"How the button changed fashion | Small Thing Big Idea, a TED series\" width=\"640\" height=\"360\" src=\"https:\/\/www.youtube.com\/embed\/7LN4L5EMmmc?feature=oembed\" frameborder=\"0\" allow=\"accelerometer; autoplay; clipboard-write; encrypted-media; gyroscope; picture-in-picture; web-share\" referrerpolicy=\"strict-origin-when-cross-origin\" allowfullscreen><\/iframe><\/div>\n\t\t<\/div>\n\t<\/div>\n<\/div><\/div><\/div><div class=\"wpb_column vc_column_container vc_col-sm-6\"><div class=\"vc_column-inner\"><div class=\"wpb_wrapper\">\n\t<div class=\"wpb_text_column wpb_content_element\" >\n\t\t<div class=\"wpb_wrapper\">\n\t\t\t<p>Trong ti\u1ebfng H\u00e0n, Kyung Seong c\u00f3 ngh\u0129a l\u00e0 \u201cSao B\u1eafc C\u1ef1c\u201d (Polaris) \u2013 Ng\u00f4i sao s\u00e1ng nh\u1ea5t ch\u00f2m sao B\u1eafc \u0110\u1ea9u.<\/p>\n<p>C\u00f2n t\u1ea1i Vi\u1ec7t Nam, Kyung Seong l\u00e0 c\u00f4ng ty th\u01b0\u01a1ng m\u1ea1i kinh doanh nhi\u1ec1u s\u1ea3n ph\u1ea9m kh\u00e1c nhau trong ng\u00e0nh Ph\u1ee5 li\u1ec7u may m\u1eb7c.<\/p>\n<p>Ch\u00fang t\u00f4i vinh h\u1ea1nh \u0111\u00f3n ch\u00e0o t\u1ea5t c\u1ea3 qu\u00fd kh\u00e1ch h\u00e0ng, \u0111\u1ed1i t\u00e1c, c\u1ed9ng t\u00e1c vi\u00ean v\u00e0 ng\u01b0\u1eddi lao \u0111\u1ed9ng!<\/p>\n\n\t\t<\/div>\n\t<\/div>\n<\/div><\/div><\/div><\/div><div class=\"vc_row wpb_row vc_row-fluid pb-60\"><div class=\"wpb_column vc_column_container vc_col-sm-12\"><div class=\"vc_column-inner\"><div class=\"wpb_wrapper\">\n\t<div class=\"wpb_text_column wpb_content_element\" >\n\t\t<div class=\"wpb_wrapper\">\n\t\t\t<p>C\u00f4ng ty TNHH Kyung Seong th\u00e0nh l\u1eadp v\u00e0o n\u0103m 2017. K\u1ec3 t\u1eeb \u0111\u00f3 Kyung Seong kh\u00f4ng ng\u1eebng m\u1edf r\u1ed9ng c\u1ea3 v\u1ec1 quy m\u00f4 l\u1eabn c\u1ea5u tr\u00fac v\u00e0 s\u1ea3n ph\u1ea9m.<\/p>\n<p>Hi\u1ec7n C\u00f4ng ty Kyung Seong ch\u00fang t\u00f4i c\u00f3 m\u1ed9t tr\u1ee5 s\u1edf ch\u00ednh v\u00e0 m\u1ed9t c\u1eeda h\u00e0ng khuy \u00e1o &#8211; ph\u1ee5 li\u1ec7u may m\u1eb7c.<\/p>\n<p>&#8211; Tr\u1ee5 s\u1edf ch\u00ednh: S\u1ed1 34 \u0110\u1eb7ng Thai Mai, Ph\u01b0\u1eddng 7, Qu\u1eadn Ph\u00fa Nhu\u1eadn, TP.HCM (\u0110T: 02836200537)<\/p>\n<p>&#8211; C\u1eeda h\u00e0ng khuy \u00e1o &#8211; ph\u1ee5 li\u1ec7u th\u1eddi trang: S\u1ed1 8 T\u00e2n Ti\u1ebfn, Ph\u01b0\u1eddng 8, Qu\u1eadn T\u00e2n B\u00ecnh, TP.HCM (\u0110T: 0908090582)<\/p>\n\n\t\t<\/div>\n\t<\/div>\n<\/div><\/div><\/div><\/div><\/section><div class=\"vc_row-full-width vc_clearfix\"><\/div><div class=\"vc_row wpb_row vc_row-fluid pt-60\"><div class=\"wpb_column vc_column_container vc_col-sm-12\"><div class=\"vc_column-inner\"><div class=\"wpb_wrapper\"><h2 style=\"text-align: center\" class=\"vc_custom_heading\" >V\u1ec1 Gi\u00e1m \u0111\u1ed1c c\u00f4ng ty - Ms. Ng\u00f4 H\u1ed3ng Loan<\/h2><\/div><\/div><\/div><\/div><div class=\"vc_row wpb_row vc_row-fluid\"><div class=\"wpb_column vc_column_container vc_col-sm-4\"><div class=\"vc_column-inner\"><div class=\"wpb_wrapper\">\n\t<div  class=\"wpb_single_image wpb_content_element vc_align_left\">\n\t\t\n\t\t<figure class=\"wpb_wrapper vc_figure\">\n\t\t\t<div class=\"vc_single_image-wrapper   vc_box_border_grey\"><img decoding=\"async\" width=\"928\" height=\"928\" src=\"https:\/\/kyungseong.com\/wp-content\/uploads\/2023\/12\/z4830658275798_7611dfb955833fcd37ccdefa1c459786.jpg\" class=\"vc_single_image-img attachment-full\" alt=\"\" srcset=\"https:\/\/kyungseong.com\/wp-content\/uploads\/2023\/12\/z4830658275798_7611dfb955833fcd37ccdefa1c459786.jpg 928w, https:\/\/kyungseong.com\/wp-content\/uploads\/2023\/12\/z4830658275798_7611dfb955833fcd37ccdefa1c459786-300x300.jpg 300w, https:\/\/kyungseong.com\/wp-content\/uploads\/2023\/12\/z4830658275798_7611dfb955833fcd37ccdefa1c459786-150x150.jpg 150w, https:\/\/kyungseong.com\/wp-content\/uploads\/2023\/12\/z4830658275798_7611dfb955833fcd37ccdefa1c459786-768x768.jpg 768w, https:\/\/kyungseong.com\/wp-content\/uploads\/2023\/12\/z4830658275798_7611dfb955833fcd37ccdefa1c459786-12x12.jpg 12w, https:\/\/kyungseong.com\/wp-content\/uploads\/2023\/12\/z4830658275798_7611dfb955833fcd37ccdefa1c459786-600x600.jpg 600w, https:\/\/kyungseong.com\/wp-content\/uploads\/2023\/12\/z4830658275798_7611dfb955833fcd37ccdefa1c459786-100x100.jpg 100w\" sizes=\"(max-width: 928px) 100vw, 928px\" \/><\/div>\n\t\t<\/figure>\n\t<\/div>\n<\/div><\/div><\/div><div class=\"wpb_column vc_column_container vc_col-sm-8\"><div class=\"vc_column-inner\"><div class=\"wpb_wrapper\">\n\t<div class=\"wpb_text_column wpb_content_element\" >\n\t\t<div class=\"wpb_wrapper\">\n\t\t\t<p>V\u1edbi nhi\u1ec1u n\u0103m kinh nghi\u1ec7m trong l\u0129nh v\u1ef1c s\u1ea3n xu\u1ea5t ph\u1ee5 li\u1ec7u may m\u1eb7c, ch\u1ecb Ng\u00f4 H\u1ed3ng Loan c\u00f3 th\u1ec3 xem l\u00e0 m\u1ed9t doanh nh\u00e2n tr\u1ebb d\u1ea5n th\u00e2n v\u00e0o con \u0111\u01b0\u1eddng startup.<\/p>\n<p>K\u1ebft h\u1ee3p c\u00e1c thu\u1eadn l\u1ee3i v\u1ec1 ki\u1ebfn th\u1ee9c v\u00e0 m\u1ed1i quan h\u1ec7 r\u1ed9ng r\u00e3i s\u1eb5n c\u00f3, Gi\u00e1m \u0111\u1ed1c Ng\u00f4 H\u1ed3ng Loan \u0111\u00e3 duy tr\u00ec doanh nghi\u1ec7p Kyung Seong ph\u00e1t tri\u1ec3n trong nh\u1eefng n\u0103m qua. Tr\u1ea3i qua c\u00e1c th\u1eed th\u00e1ch th\u1eddi s\u1ef1, v\u1ea5n \u0111\u1ec1 kinh t\u1ebf qu\u1ed1c t\u1ebf, c\u00f4ng ty Kyung Seong v\u1eabn t\u1ed3n t\u1ea1i v\u00e0 m\u1edf r\u1ed9ng h\u01a1n n\u1eefa trong th\u1eddi gian t\u1edbi.<\/p>\n<p>Kh\u00f4ng ch\u1ec9 v\u1eady, ch\u1ecb Ng\u00f4 H\u1ed3ng Loan c\u0169ng lu\u00f4n d\u00e0nh tr\u00e1i tim m\u00ecnh cho c\u00e1c ho\u1ea1t \u0111\u1ed9ng thi\u1ec7n nguy\u1ec7n, chia s\u1ebb kh\u00f3 kh\u0103n cho c\u00e1c ho\u00e0n c\u1ea3nh k\u00e9m may m\u1eafn trong x\u00e3 h\u1ed9i. Ch\u1ecb th\u01b0\u1eddng g\u00f3p m\u1eb7t trong c\u00e1c s\u1ef1 ki\u1ec7n V\u00ec ng\u01b0\u1eddi ngh\u00e8o, V\u00ec tr\u1ebb em v\u00e0 ng\u01b0\u1eddi gi\u00e0 neo \u0111\u01a1n,&#8230; m\u00e0 c\u00e1c \u0111o\u00e0n th\u1ec3 li\u00ean quan t\u1ed5 ch\u1ee9c.<\/p>\n<p>C\u1ea7u ch\u00fac th\u1ebf gi\u1edbi ch\u00fang ta ng\u00e0y m\u1ed9t ph\u1ed3n th\u1ecbnh v\u00e0 b\u00ecnh y\u00ean, \u0111em \u0111\u1ebfn nhi\u1ec1u c\u01a1 h\u1ed9i l\u1edbn cho n\u1ec1n kinh t\u1ebf Vi\u1ec7t Nam c\u0169ng nh\u01b0 c\u00e1c \u0111\u1ed1i t\u00e1c th\u00e2n m\u1ebfn n\u0103m ch\u00e2u.<\/p>\n\n\t\t<\/div>\n\t<\/div>\n<\/div><\/div><\/div><\/div><div class=\"vc_row wpb_row vc_row-fluid\"><div class=\"wpb_column vc_column_container vc_col-sm-12\"><div class=\"vc_column-inner\"><div class=\"wpb_wrapper\">\n\t<div class=\"wpb_raw_code wpb_content_element wpb_raw_html\" >\n\t\t<div class=\"wpb_wrapper\">\n\t\t\t<hr class=\"mt-5 mb-4\" style=\"border-top: 1px solid rgba(0,0,0,.1);\"> \n\t\t<\/div>\n\t<\/div>\n<\/div><\/div><\/div><\/div><section data-vc-full-width=\"true\" data-vc-full-width-init=\"false\" class=\"vc_section pd-60 vc_custom_1645245696880 vc_section-has-fill\"><div class=\"vc_row wpb_row vc_row-fluid pt-60 vc_row-o-content-middle vc_row-flex\"><div class=\"wpb_column vc_column_container vc_col-sm-1\"><div class=\"vc_column-inner\"><div class=\"wpb_wrapper\">\n\t<div  class=\"wpb_single_image wpb_content_element vc_align_left\">\n\t\t\n\t\t<figure class=\"wpb_wrapper vc_figure\">\n\t\t\t<div class=\"vc_single_image-wrapper   vc_box_border_grey\"><img decoding=\"async\" width=\"100\" height=\"100\" src=\"https:\/\/kyungseong.com\/wp-content\/uploads\/2022\/02\/vission.png\" class=\"vc_single_image-img attachment-full\" alt=\"\" \/><\/div>\n\t\t<\/figure>\n\t<\/div>\n<\/div><\/div><\/div><div class=\"wpb_column vc_column_container vc_col-sm-11\"><div class=\"vc_column-inner\"><div class=\"wpb_wrapper\">\n\t<div class=\"wpb_text_column wpb_content_element\" >\n\t\t<div class=\"wpb_wrapper\">\n\t\t\t<h2 class=\"mb-2\">T\u1ea7m nh\u00ecn<\/h2>\n<p class=\"mb-0\">Ch\u00fang t\u00f4i h\u01b0\u1edbng \u0111\u1ebfn m\u1ee5c ti\u00eau tr\u1edf th\u00e0nh m\u1ed9t doanh nghi\u1ec7p n\u1ed5i b\u1eadt h\u00e0ng \u0111\u1ea7u trong ng\u00e0nh ph\u1ee5 li\u1ec7u may m\u1eb7c Vi\u1ec7t Nam v\u00e0 h\u01a1n th\u1ebf n\u1eefa.<\/p>\n\n\t\t<\/div>\n\t<\/div>\n<\/div><\/div><\/div><\/div><div class=\"vc_row wpb_row vc_row-fluid mt-5 pb-60 vc_row-o-content-middle vc_row-flex\"><div class=\"wpb_column vc_column_container vc_col-sm-1\"><div class=\"vc_column-inner\"><div class=\"wpb_wrapper\">\n\t<div  class=\"wpb_single_image wpb_content_element vc_align_left\">\n\t\t\n\t\t<figure class=\"wpb_wrapper vc_figure\">\n\t\t\t<div class=\"vc_single_image-wrapper   vc_box_border_grey\"><img decoding=\"async\" width=\"100\" height=\"100\" src=\"https:\/\/kyungseong.com\/wp-content\/uploads\/2022\/02\/mission.jpg\" class=\"vc_single_image-img attachment-full\" alt=\"\" \/><\/div>\n\t\t<\/figure>\n\t<\/div>\n<\/div><\/div><\/div><div class=\"wpb_column vc_column_container vc_col-sm-11\"><div class=\"vc_column-inner\"><div class=\"wpb_wrapper\">\n\t<div class=\"wpb_text_column wpb_content_element\" >\n\t\t<div class=\"wpb_wrapper\">\n\t\t\t<h2 class=\"mb-2\">Nhi\u1ec7m v\u1ee5 v\u00e0 Gi\u00e1 tr\u1ecb c\u1ed1t l\u00f5i<\/h2>\n<ul class=\"list2\">\n<li>Tr\u1edf th\u00e0nh m\u1ed9t ng\u00f4i sao s\u00e1ng trong l\u0129nh v\u1ef1c kinh doanh th\u1eddi trang<\/li>\n<li>\u0110\u00f3ng g\u00f3p cho x\u00e3 h\u1ed9i v\u00e0 kinh t\u1ebf \u0111\u1ea5t n\u01b0\u1edbc<\/li>\n<li>\u0110\u1ed5i m\u1edbi, s\u00e1ng t\u1ea1o \u0111\u1ec3 ph\u00e1t tri\u1ec3n kh\u00f4ng ng\u1eebng<\/li>\n<li>Th\u00edch nghi v\u00e0 h\u00f2a h\u1ee3p trong m\u00f4i tr\u01b0\u1eddng kinh t\u1ebf to\u00e0n c\u1ea7u<\/li>\n<li>Ch\u0103m s\u00f3c \u0111\u1eddi s\u1ed1ng nh\u00e2n vi\u00ean, b\u1ea3o v\u1ec7 m\u00f4i tr\u01b0\u1eddng<\/li>\n<\/ul>\n\n\t\t<\/div>\n\t<\/div>\n<\/div><\/div><\/div><\/div><\/section><div class=\"vc_row-full-width vc_clearfix\"><\/div>","protected":false},"excerpt":{"rendered":"Kyung Seong Trong ti\u1ebfng H\u00e0n, Kyung Seong c\u00f3 ngh\u0129a l\u00e0 \u201cSao B\u1eafc C\u1ef1c\u201d (Polaris) \u2013 Ng\u00f4i sao s\u00e1ng nh\u1ea5t ch\u00f2m sao B\u1eafc \u0110\u1ea9u. C\u00f2n t\u1ea1i Vi\u1ec7t Nam, Kyung Seong l\u00e0 c\u00f4ng ty th\u01b0\u01a1ng m\u1ea1i kinh doanh nhi\u1ec1u s\u1ea3n ph\u1ea9m kh\u00e1c nhau trong ng\u00e0nh Ph\u1ee5 li\u1ec7u may m\u1eb7c. Ch\u00fang t\u00f4i vinh h\u1ea1nh \u0111\u00f3n ch\u00e0o t\u1ea5t c\u1ea3","protected":false},"author":1,"featured_media":0,"parent":0,"menu_order":0,"comment_status":"closed","ping_status":"closed","template":"","meta":{"footnotes":""},"yst_prominent_words":[],"_links":{"self":[{"href":"https:\/\/kyungseong.com\/ko\/wp-json\/wp\/v2\/pages\/135"}],"collection":[{"href":"https:\/\/kyungseong.com\/ko\/wp-json\/wp\/v2\/pages"}],"about":[{"href":"https:\/\/kyungseong.com\/ko\/wp-json\/wp\/v2\/types\/page"}],"author":[{"embeddable":true,"href":"https:\/\/kyungseong.com\/ko\/wp-json\/wp\/v2\/users\/1"}],"replies":[{"embeddable":true,"href":"https:\/\/kyungseong.com\/ko\/wp-json\/wp\/v2\/comments?post=135"}],"version-history":[{"count":57,"href":"https:\/\/kyungseong.com\/ko\/wp-json\/wp\/v2\/pages\/135\/revisions"}],"predecessor-version":[{"id":531,"href":"https:\/\/kyungseong.com\/ko\/wp-json\/wp\/v2\/pages\/135\/revisions\/531"}],"wp:attachment":[{"href":"https:\/\/kyungseong.com\/ko\/wp-json\/wp\/v2\/media?parent=135"}],"wp:term":[{"taxonomy":"yst_prominent_words","embeddable":true,"href":"https:\/\/kyungseong.com\/ko\/wp-json\/wp\/v2\/yst_prominent_words?post=135"}],"curies":[{"name":"wp","href":"https:\/\/api.w.org\/{rel}","templated":true}]}}